{"id":562,"date":"2024-09-23T22:24:47","date_gmt":"2024-09-23T22:24:47","guid":{"rendered":"https:\/\/jeremiendoumbe.clients-demo-website.com\/?page_id=562"},"modified":"2024-10-04T01:42:54","modified_gmt":"2024-10-04T01:42:54","slug":"football-amateur","status":"publish","type":"page","link":"https:\/\/jeremiendoumbe.clients-demo-website.com\/index.php\/football-amateur\/","title":{"rendered":"FOOTBALL AMATEUR"},"content":{"rendered":"\t\t<div data-elementor-type=\"wp-page\" data-elementor-id=\"562\" class=\"elementor elementor-562\" data-elementor-post-type=\"page\">\n\t\t\t\t\t\t<section class=\"elementor-section elementor-top-section elementor-element elementor-element-1ea2ff1 elementor-section-boxed elementor-section-height-default elementor-section-height-default\" data-id=\"1ea2ff1\" data-element_type=\"section\" data-settings=\"{&quot;background_background&quot;:&quot;classic&quot;}\">\n\t\t\t\t\t\t<div class=\"elementor-container elementor-column-gap-default\">\n\t\t\t\t\t<div class=\"elementor-column elementor-col-100 elementor-top-column elementor-element elementor-element-5d73b21\" data-id=\"5d73b21\" data-element_type=\"column\">\n\t\t\t<div class=\"elementor-widget-wrap elementor-element-populated\">\n\t\t\t\t\t\t<div class=\"elementor-element elementor-element-7416006 elementor-icon-list--layout-inline elementor-list-item-link-full_width elementor-widget elementor-widget-icon-list\" data-id=\"7416006\" data-element_type=\"widget\" data-widget_type=\"icon-list.default\">\n\t\t\t\t<div class=\"elementor-widget-container\">\n\t\t\t\t\t<ul class=\"elementor-icon-list-items elementor-inline-items\">\n\t\t\t\t\t\t\t<li class=\"elementor-icon-list-item elementor-inline-item\">\n\t\t\t\t\t\t\t\t\t\t\t<a href=\"https:\/\/jeremiendoumbe.clients-demo-website.com\">\n\n\t\t\t\t\t\t\t\t\t\t\t<span class=\"elementor-icon-list-text\">Home<\/span>\n\t\t\t\t\t\t\t\t\t\t\t<\/a>\n\t\t\t\t\t\t\t\t\t<\/li>\n\t\t\t\t\t\t\t\t<li class=\"elementor-icon-list-item elementor-inline-item\">\n\t\t\t\t\t\t\t\t\t\t\t<a href=\"https:\/\/jeremiendoumbe.clients-demo-website.com\/index.php\/football-amateur\/\">\n\n\t\t\t\t\t\t\t\t\t\t\t\t<span class=\"elementor-icon-list-icon\">\n\t\t\t\t\t\t\t<svg aria-hidden=\"true\" class=\"e-font-icon-svg e-fas-chevron-right\" viewBox=\"0 0 320 512\" xmlns=\"http:\/\/www.w3.org\/2000\/svg\"><path d=\"M285.476 272.971L91.132 467.314c-9.373 9.373-24.569 9.373-33.941 0l-22.667-22.667c-9.357-9.357-9.375-24.522-.04-33.901L188.505 256 34.484 101.255c-9.335-9.379-9.317-24.544.04-33.901l22.667-22.667c9.373-9.373 24.569-9.373 33.941 0L285.475 239.03c9.373 9.372 9.373 24.568.001 33.941z\"><\/path><\/svg>\t\t\t\t\t\t<\/span>\n\t\t\t\t\t\t\t\t\t\t<span class=\"elementor-icon-list-text\">FOOTBALL AMATEUR<\/span>\n\t\t\t\t\t\t\t\t\t\t\t<\/a>\n\t\t\t\t\t\t\t\t\t<\/li>\n\t\t\t\t\t\t<\/ul>\n\t\t\t\t<\/div>\n\t\t\t\t<\/div>\n\t\t\t\t<div class=\"elementor-element elementor-element-987a636 elementor-widget elementor-widget-heading\" data-id=\"987a636\" data-element_type=\"widget\" data-widget_type=\"heading.default\">\n\t\t\t\t<div class=\"elementor-widget-container\">\n\t\t\t<h1 class=\"elementor-heading-title elementor-size-default\">FOOTBALL AMATEUR<\/h1>\t\t<\/div>\n\t\t\t\t<\/div>\n\t\t\t\t\t<\/div>\n\t\t<\/div>\n\t\t\t\t\t<\/div>\n\t\t<\/section>\n\t\t\t\t<section class=\"elementor-section elementor-top-section elementor-element elementor-element-b172ef7 elementor-section-boxed elementor-section-height-default elementor-section-height-default\" data-id=\"b172ef7\" data-element_type=\"section\" data-settings=\"{&quot;background_background&quot;:&quot;classic&quot;}\">\n\t\t\t\t\t\t<div class=\"elementor-container elementor-column-gap-default\">\n\t\t\t\t\t<div class=\"elementor-column elementor-col-100 elementor-top-column elementor-element elementor-element-c3a6ccf\" data-id=\"c3a6ccf\" data-element_type=\"column\">\n\t\t\t<div class=\"elementor-widget-wrap elementor-element-populated\">\n\t\t\t\t\t\t<div class=\"elementor-element elementor-element-90b5ffc elementor-widget elementor-widget-image\" data-id=\"90b5ffc\" data-element_type=\"widget\" data-widget_type=\"image.default\">\n\t\t\t\t<div class=\"elementor-widget-container\">\n\t\t\t\t\t\t\t\t\t\t\t\t\t<img fetchpriority=\"high\" decoding=\"async\" width=\"371\" height=\"300\" src=\"https:\/\/jeremiendoumbe.clients-demo-website.com\/wp-content\/uploads\/2024\/10\/Jewel-93.jpg\" class=\"attachment-full size-full wp-image-1272\" alt=\"Jewel 93\" srcset=\"https:\/\/jeremiendoumbe.clients-demo-website.com\/wp-content\/uploads\/2024\/10\/Jewel-93.jpg 371w, https:\/\/jeremiendoumbe.clients-demo-website.com\/wp-content\/uploads\/2024\/10\/Jewel-93-300x243.jpg 300w\" sizes=\"(max-width: 371px) 100vw, 371px\" \/>\t\t\t\t\t\t\t\t\t\t\t\t\t<\/div>\n\t\t\t\t<\/div>\n\t\t\t\t<div class=\"elementor-element elementor-element-dbba971 elementor-widget elementor-widget-heading\" data-id=\"dbba971\" data-element_type=\"widget\" data-widget_type=\"heading.default\">\n\t\t\t\t<div class=\"elementor-widget-container\">\n\t\t\t<h2 class=\"elementor-heading-title elementor-size-default\">FOOTBALL AMATEUR<\/h2>\t\t<\/div>\n\t\t\t\t<\/div>\n\t\t\t\t<section class=\"elementor-section elementor-inner-section elementor-element elementor-element-5df0ee2 elementor-section-boxed elementor-section-height-default elementor-section-height-default\" data-id=\"5df0ee2\" data-element_type=\"section\" data-settings=\"{&quot;background_background&quot;:&quot;classic&quot;}\">\n\t\t\t\t\t\t<div class=\"elementor-container elementor-column-gap-default\">\n\t\t\t\t\t<div class=\"elementor-column elementor-col-100 elementor-inner-column elementor-element elementor-element-d818cab\" data-id=\"d818cab\" data-element_type=\"column\">\n\t\t\t<div class=\"elementor-widget-wrap elementor-element-populated\">\n\t\t\t\t\t\t<div class=\"elementor-element elementor-element-97c5f82 elementor-widget elementor-widget-heading\" data-id=\"97c5f82\" data-element_type=\"widget\" data-widget_type=\"heading.default\">\n\t\t\t\t<div class=\"elementor-widget-container\">\n\t\t\t<h2 class=\"elementor-heading-title elementor-size-default\">FOOTBALL AMATEUR<\/h2>\t\t<\/div>\n\t\t\t\t<\/div>\n\t\t\t\t<div class=\"elementor-element elementor-element-7655507 elementor-widget elementor-widget-text-editor\" data-id=\"7655507\" data-element_type=\"widget\" data-widget_type=\"text-editor.default\">\n\t\t\t\t<div class=\"elementor-widget-container\">\n\t\t\t\t\t\t\t<div class=\"md:col-span-8 sm:col-span-11 sm:col-start-2 col-span-12\"><div class=\"w-full bg-white sm:mt-6 mt-4 rounded-2xl sm:px-10 px-5 sm:pt-10 pt-5 sm:pb-2 pb-1\"><div id=\"text\" class=\"lg:text-[28px] lg:leading-tight sm:text-xl sm:leading-tight text-lg leading-tight text-neutral-600 font-serif sm:*:mb-6 *:mb-4\"><p>Fin en apoth\u00e9ose dimanche soir du tournoi des Interpoules 2024 au stade militaire de Ngoa-Ekele \u00e0 Yaound\u00e9.<\/p><p>Atlantic FC de Kribi s&#8217;est impos\u00e9 en finale face \u00e0 Union sportive d&#8217;Abong-Mbang (1-0). Les deux clubs sont promus en\u00a0 MTNEliteTwo2025.<\/p><p>Lors de la petite finale, Mintack FC du Centre a largement domin\u00e9 Volcan du Noun (5-1).<\/p><p>Une belle comp\u00e9tition cl\u00f4tur\u00e9e par la remise des r\u00e9compenses aux diff\u00e9rents laur\u00e9ats.<\/p><\/div><\/div><\/div>\t\t\t\t\t\t<\/div>\n\t\t\t\t<\/div>\n\t\t\t\t\t<\/div>\n\t\t<\/div>\n\t\t\t\t\t<\/div>\n\t\t<\/section>\n\t\t<div class=\"elementor-element elementor-element-e667f30 e-flex e-con-boxed e-con e-parent\" data-id=\"e667f30\" data-element_type=\"container\">\n\t\t\t\t\t<div class=\"e-con-inner\">\n\t\t<div class=\"elementor-element elementor-element-181a322 e-grid e-con-full e-con e-child\" data-id=\"181a322\" data-element_type=\"container\">\n\t\t\t\t<div class=\"elementor-element elementor-element-1524450 elementor-widget elementor-widget-image\" data-id=\"1524450\" data-element_type=\"widget\" data-widget_type=\"image.default\">\n\t\t\t\t<div class=\"elementor-widget-container\">\n\t\t\t\t\t\t\t\t\t\t\t\t\t<img decoding=\"async\" width=\"574\" height=\"470\" src=\"https:\/\/jeremiendoumbe.clients-demo-website.com\/wp-content\/uploads\/2024\/10\/Jewel-94.jpg\" class=\"attachment-large size-large wp-image-1271\" alt=\"\" srcset=\"https:\/\/jeremiendoumbe.clients-demo-website.com\/wp-content\/uploads\/2024\/10\/Jewel-94.jpg 574w, https:\/\/jeremiendoumbe.clients-demo-website.com\/wp-content\/uploads\/2024\/10\/Jewel-94-300x246.jpg 300w\" sizes=\"(max-width: 574px) 100vw, 574px\" \/>\t\t\t\t\t\t\t\t\t\t\t\t\t<\/div>\n\t\t\t\t<\/div>\n\t\t\t\t<div class=\"elementor-element elementor-element-9080a95 elementor-widget elementor-widget-image\" data-id=\"9080a95\" data-element_type=\"widget\" data-widget_type=\"image.default\">\n\t\t\t\t<div class=\"elementor-widget-container\">\n\t\t\t\t\t\t\t\t\t\t\t\t\t<img decoding=\"async\" width=\"800\" height=\"677\" src=\"https:\/\/jeremiendoumbe.clients-demo-website.com\/wp-content\/uploads\/2024\/10\/Jewel-95-1024x866.jpg\" class=\"attachment-large size-large wp-image-1270\" alt=\"\" srcset=\"https:\/\/jeremiendoumbe.clients-demo-website.com\/wp-content\/uploads\/2024\/10\/Jewel-95-1024x866.jpg 1024w, https:\/\/jeremiendoumbe.clients-demo-website.com\/wp-content\/uploads\/2024\/10\/Jewel-95-300x254.jpg 300w, https:\/\/jeremiendoumbe.clients-demo-website.com\/wp-content\/uploads\/2024\/10\/Jewel-95-768x649.jpg 768w, https:\/\/jeremiendoumbe.clients-demo-website.com\/wp-content\/uploads\/2024\/10\/Jewel-95.jpg 1080w\" sizes=\"(max-width: 800px) 100vw, 800px\" \/>\t\t\t\t\t\t\t\t\t\t\t\t\t<\/div>\n\t\t\t\t<\/div>\n\t\t\t\t<\/div>\n\t\t\t\t\t<\/div>\n\t\t\t\t<\/div>\n\t\t\t\t\t<\/div>\n\t\t<\/div>\n\t\t\t\t\t<\/div>\n\t\t<\/section>\n\t\t\t\t<section class=\"elementor-section elementor-top-section elementor-element elementor-element-39c8af4 elementor-section-boxed elementor-section-height-default elementor-section-height-default\" data-id=\"39c8af4\" data-element_type=\"section\" data-settings=\"{&quot;background_background&quot;:&quot;classic&quot;}\">\n\t\t\t\t\t\t<div class=\"elementor-container elementor-column-gap-default\">\n\t\t\t\t\t<div class=\"elementor-column elementor-col-100 elementor-top-column elementor-element elementor-element-2fae5be\" data-id=\"2fae5be\" data-element_type=\"column\">\n\t\t\t<div class=\"elementor-widget-wrap elementor-element-populated\">\n\t\t\t\t\t\t<div class=\"elementor-element elementor-element-149dd88 elementor-widget elementor-widget-gallery\" data-id=\"149dd88\" data-element_type=\"widget\" data-settings=\"{&quot;gallery_layout&quot;:&quot;masonry&quot;,&quot;columns&quot;:3,&quot;gap&quot;:{&quot;unit&quot;:&quot;px&quot;,&quot;size&quot;:20,&quot;sizes&quot;:[]},&quot;lazyload&quot;:&quot;yes&quot;,&quot;columns_tablet&quot;:2,&quot;columns_mobile&quot;:1,&quot;gap_tablet&quot;:{&quot;unit&quot;:&quot;px&quot;,&quot;size&quot;:10,&quot;sizes&quot;:[]},&quot;gap_mobile&quot;:{&quot;unit&quot;:&quot;px&quot;,&quot;size&quot;:10,&quot;sizes&quot;:[]},&quot;link_to&quot;:&quot;file&quot;,&quot;overlay_background&quot;:&quot;yes&quot;,&quot;content_hover_animation&quot;:&quot;fade-in&quot;}\" data-widget_type=\"gallery.default\">\n\t\t\t\t<div class=\"elementor-widget-container\">\n\t\t\t\t\t<div class=\"elementor-gallery__container\">\n\t\t\t\t\t\t\t<a class=\"e-gallery-item elementor-gallery-item elementor-animated-content\" href=\"https:\/\/jeremiendoumbe.clients-demo-website.com\/wp-content\/uploads\/2024\/10\/Jewel-96.jpg\" data-elementor-open-lightbox=\"yes\" data-elementor-lightbox-slideshow=\"149dd88\" data-e-action-hash=\"#elementor-action%3Aaction%3Dlightbox%26settings%3DeyJpZCI6MTI2OSwidXJsIjoiaHR0cHM6XC9cL2plcmVtaWVuZG91bWJlLmNsaWVudHMtZGVtby13ZWJzaXRlLmNvbVwvd3AtY29udGVudFwvdXBsb2Fkc1wvMjAyNFwvMTBcL0pld2VsLTk2LmpwZyIsInNsaWRlc2hvdyI6IjE0OWRkODgifQ%3D%3D\">\n\t\t\t\t\t<div class=\"e-gallery-image elementor-gallery-item__image\" data-thumbnail=\"https:\/\/jeremiendoumbe.clients-demo-website.com\/wp-content\/uploads\/2024\/10\/Jewel-96.jpg\" data-width=\"1080\" data-height=\"810\" aria-label=\"\" role=\"img\" ><\/div>\n\t\t\t\t\t\t\t\t\t\t\t<div class=\"elementor-gallery-item__overlay\"><\/div>\n\t\t\t\t\t\t\t\t\t\t\t\t\t\t<\/a>\n\t\t\t\t\t\t\t<a class=\"e-gallery-item elementor-gallery-item elementor-animated-content\" href=\"https:\/\/jeremiendoumbe.clients-demo-website.com\/wp-content\/uploads\/2024\/10\/Jewel-97.jpg\" data-elementor-open-lightbox=\"yes\" data-elementor-lightbox-slideshow=\"149dd88\" data-e-action-hash=\"#elementor-action%3Aaction%3Dlightbox%26settings%3DeyJpZCI6MTI2OCwidXJsIjoiaHR0cHM6XC9cL2plcmVtaWVuZG91bWJlLmNsaWVudHMtZGVtby13ZWJzaXRlLmNvbVwvd3AtY29udGVudFwvdXBsb2Fkc1wvMjAyNFwvMTBcL0pld2VsLTk3LmpwZyIsInNsaWRlc2hvdyI6IjE0OWRkODgifQ%3D%3D\">\n\t\t\t\t\t<div class=\"e-gallery-image elementor-gallery-item__image\" data-thumbnail=\"https:\/\/jeremiendoumbe.clients-demo-website.com\/wp-content\/uploads\/2024\/10\/Jewel-97.jpg\" data-width=\"1080\" data-height=\"809\" aria-label=\"\" role=\"img\" ><\/div>\n\t\t\t\t\t\t\t\t\t\t\t<div class=\"elementor-gallery-item__overlay\"><\/div>\n\t\t\t\t\t\t\t\t\t\t\t\t\t\t<\/a>\n\t\t\t\t\t\t\t<a class=\"e-gallery-item elementor-gallery-item elementor-animated-content\" href=\"https:\/\/jeremiendoumbe.clients-demo-website.com\/wp-content\/uploads\/2024\/10\/Jewel-98.jpg\" data-elementor-open-lightbox=\"yes\" data-elementor-lightbox-slideshow=\"149dd88\" data-e-action-hash=\"#elementor-action%3Aaction%3Dlightbox%26settings%3DeyJpZCI6MTI2NywidXJsIjoiaHR0cHM6XC9cL2plcmVtaWVuZG91bWJlLmNsaWVudHMtZGVtby13ZWJzaXRlLmNvbVwvd3AtY29udGVudFwvdXBsb2Fkc1wvMjAyNFwvMTBcL0pld2VsLTk4LmpwZyIsInNsaWRlc2hvdyI6IjE0OWRkODgifQ%3D%3D\">\n\t\t\t\t\t<div class=\"e-gallery-image elementor-gallery-item__image\" data-thumbnail=\"https:\/\/jeremiendoumbe.clients-demo-website.com\/wp-content\/uploads\/2024\/10\/Jewel-98.jpg\" data-width=\"1080\" data-height=\"712\" aria-label=\"\" role=\"img\" ><\/div>\n\t\t\t\t\t\t\t\t\t\t\t<div class=\"elementor-gallery-item__overlay\"><\/div>\n\t\t\t\t\t\t\t\t\t\t\t\t\t\t<\/a>\n\t\t\t\t\t\t\t<a class=\"e-gallery-item elementor-gallery-item elementor-animated-content\" href=\"https:\/\/jeremiendoumbe.clients-demo-website.com\/wp-content\/uploads\/2024\/10\/Jewel-99.jpg\" data-elementor-open-lightbox=\"yes\" data-elementor-lightbox-slideshow=\"149dd88\" data-e-action-hash=\"#elementor-action%3Aaction%3Dlightbox%26settings%3DeyJpZCI6MTI2NiwidXJsIjoiaHR0cHM6XC9cL2plcmVtaWVuZG91bWJlLmNsaWVudHMtZGVtby13ZWJzaXRlLmNvbVwvd3AtY29udGVudFwvdXBsb2Fkc1wvMjAyNFwvMTBcL0pld2VsLTk5LmpwZyIsInNsaWRlc2hvdyI6IjE0OWRkODgifQ%3D%3D\">\n\t\t\t\t\t<div class=\"e-gallery-image elementor-gallery-item__image\" data-thumbnail=\"https:\/\/jeremiendoumbe.clients-demo-website.com\/wp-content\/uploads\/2024\/10\/Jewel-99.jpg\" data-width=\"960\" data-height=\"547\" aria-label=\"\" role=\"img\" ><\/div>\n\t\t\t\t\t\t\t\t\t\t\t<div class=\"elementor-gallery-item__overlay\"><\/div>\n\t\t\t\t\t\t\t\t\t\t\t\t\t\t<\/a>\n\t\t\t\t\t\t\t<a class=\"e-gallery-item elementor-gallery-item elementor-animated-content\" href=\"https:\/\/jeremiendoumbe.clients-demo-website.com\/wp-content\/uploads\/2024\/10\/Jewel-100.jpg\" data-elementor-open-lightbox=\"yes\" data-elementor-lightbox-slideshow=\"149dd88\" data-e-action-hash=\"#elementor-action%3Aaction%3Dlightbox%26settings%3DeyJpZCI6MTI2NSwidXJsIjoiaHR0cHM6XC9cL2plcmVtaWVuZG91bWJlLmNsaWVudHMtZGVtby13ZWJzaXRlLmNvbVwvd3AtY29udGVudFwvdXBsb2Fkc1wvMjAyNFwvMTBcL0pld2VsLTEwMC5qcGciLCJzbGlkZXNob3ciOiIxNDlkZDg4In0%3D\">\n\t\t\t\t\t<div class=\"e-gallery-image elementor-gallery-item__image\" data-thumbnail=\"https:\/\/jeremiendoumbe.clients-demo-website.com\/wp-content\/uploads\/2024\/10\/Jewel-100.jpg\" data-width=\"530\" data-height=\"436\" aria-label=\"\" role=\"img\" ><\/div>\n\t\t\t\t\t\t\t\t\t\t\t<div class=\"elementor-gallery-item__overlay\"><\/div>\n\t\t\t\t\t\t\t\t\t\t\t\t\t\t<\/a>\n\t\t\t\t\t\t\t<a class=\"e-gallery-item elementor-gallery-item elementor-animated-content\" href=\"https:\/\/jeremiendoumbe.clients-demo-website.com\/wp-content\/uploads\/2024\/10\/101.jpg\" data-elementor-open-lightbox=\"yes\" data-elementor-lightbox-slideshow=\"149dd88\" data-e-action-hash=\"#elementor-action%3Aaction%3Dlightbox%26settings%3DeyJpZCI6MTI2NCwidXJsIjoiaHR0cHM6XC9cL2plcmVtaWVuZG91bWJlLmNsaWVudHMtZGVtby13ZWJzaXRlLmNvbVwvd3AtY29udGVudFwvdXBsb2Fkc1wvMjAyNFwvMTBcLzEwMS5qcGciLCJzbGlkZXNob3ciOiIxNDlkZDg4In0%3D\">\n\t\t\t\t\t<div class=\"e-gallery-image elementor-gallery-item__image\" data-thumbnail=\"https:\/\/jeremiendoumbe.clients-demo-website.com\/wp-content\/uploads\/2024\/10\/101.jpg\" data-width=\"960\" data-height=\"641\" aria-label=\"\" role=\"img\" ><\/div>\n\t\t\t\t\t\t\t\t\t\t\t<div class=\"elementor-gallery-item__overlay\"><\/div>\n\t\t\t\t\t\t\t\t\t\t\t\t\t\t<\/a>\n\t\t\t\t\t\t\t<a class=\"e-gallery-item elementor-gallery-item elementor-animated-content\" href=\"https:\/\/jeremiendoumbe.clients-demo-website.com\/wp-content\/uploads\/2024\/10\/102.jpg\" data-elementor-open-lightbox=\"yes\" data-elementor-lightbox-slideshow=\"149dd88\" data-e-action-hash=\"#elementor-action%3Aaction%3Dlightbox%26settings%3DeyJpZCI6MTI2MywidXJsIjoiaHR0cHM6XC9cL2plcmVtaWVuZG91bWJlLmNsaWVudHMtZGVtby13ZWJzaXRlLmNvbVwvd3AtY29udGVudFwvdXBsb2Fkc1wvMjAyNFwvMTBcLzEwMi5qcGciLCJzbGlkZXNob3ciOiIxNDlkZDg4In0%3D\">\n\t\t\t\t\t<div class=\"e-gallery-image elementor-gallery-item__image\" data-thumbnail=\"https:\/\/jeremiendoumbe.clients-demo-website.com\/wp-content\/uploads\/2024\/10\/102.jpg\" data-width=\"1080\" data-height=\"636\" aria-label=\"\" role=\"img\" ><\/div>\n\t\t\t\t\t\t\t\t\t\t\t<div class=\"elementor-gallery-item__overlay\"><\/div>\n\t\t\t\t\t\t\t\t\t\t\t\t\t\t<\/a>\n\t\t\t\t\t\t\t<a class=\"e-gallery-item elementor-gallery-item elementor-animated-content\" href=\"https:\/\/jeremiendoumbe.clients-demo-website.com\/wp-content\/uploads\/2024\/10\/103.jpg\" data-elementor-open-lightbox=\"yes\" data-elementor-lightbox-slideshow=\"149dd88\" data-e-action-hash=\"#elementor-action%3Aaction%3Dlightbox%26settings%3DeyJpZCI6MTI2MiwidXJsIjoiaHR0cHM6XC9cL2plcmVtaWVuZG91bWJlLmNsaWVudHMtZGVtby13ZWJzaXRlLmNvbVwvd3AtY29udGVudFwvdXBsb2Fkc1wvMjAyNFwvMTBcLzEwMy5qcGciLCJzbGlkZXNob3ciOiIxNDlkZDg4In0%3D\">\n\t\t\t\t\t<div class=\"e-gallery-image elementor-gallery-item__image\" data-thumbnail=\"https:\/\/jeremiendoumbe.clients-demo-website.com\/wp-content\/uploads\/2024\/10\/103.jpg\" data-width=\"1080\" data-height=\"764\" aria-label=\"\" role=\"img\" ><\/div>\n\t\t\t\t\t\t\t\t\t\t\t<div class=\"elementor-gallery-item__overlay\"><\/div>\n\t\t\t\t\t\t\t\t\t\t\t\t\t\t<\/a>\n\t\t\t\t\t\t\t<a class=\"e-gallery-item elementor-gallery-item elementor-animated-content\" href=\"https:\/\/jeremiendoumbe.clients-demo-website.com\/wp-content\/uploads\/2024\/10\/104.jpg\" data-elementor-open-lightbox=\"yes\" data-elementor-lightbox-slideshow=\"149dd88\" data-e-action-hash=\"#elementor-action%3Aaction%3Dlightbox%26settings%3DeyJpZCI6MTI2MSwidXJsIjoiaHR0cHM6XC9cL2plcmVtaWVuZG91bWJlLmNsaWVudHMtZGVtby13ZWJzaXRlLmNvbVwvd3AtY29udGVudFwvdXBsb2Fkc1wvMjAyNFwvMTBcLzEwNC5qcGciLCJzbGlkZXNob3ciOiIxNDlkZDg4In0%3D\">\n\t\t\t\t\t<div class=\"e-gallery-image elementor-gallery-item__image\" data-thumbnail=\"https:\/\/jeremiendoumbe.clients-demo-website.com\/wp-content\/uploads\/2024\/10\/104.jpg\" data-width=\"644\" data-height=\"442\" aria-label=\"\" role=\"img\" ><\/div>\n\t\t\t\t\t\t\t\t\t\t\t<div class=\"elementor-gallery-item__overlay\"><\/div>\n\t\t\t\t\t\t\t\t\t\t\t\t\t\t<\/a>\n\t\t\t\t\t\t\t<a class=\"e-gallery-item elementor-gallery-item elementor-animated-content\" href=\"https:\/\/jeremiendoumbe.clients-demo-website.com\/wp-content\/uploads\/2024\/10\/105.jpg\" data-elementor-open-lightbox=\"yes\" data-elementor-lightbox-slideshow=\"149dd88\" data-e-action-hash=\"#elementor-action%3Aaction%3Dlightbox%26settings%3DeyJpZCI6MTI2MCwidXJsIjoiaHR0cHM6XC9cL2plcmVtaWVuZG91bWJlLmNsaWVudHMtZGVtby13ZWJzaXRlLmNvbVwvd3AtY29udGVudFwvdXBsb2Fkc1wvMjAyNFwvMTBcLzEwNS5qcGciLCJzbGlkZXNob3ciOiIxNDlkZDg4In0%3D\">\n\t\t\t\t\t<div class=\"e-gallery-image elementor-gallery-item__image\" data-thumbnail=\"https:\/\/jeremiendoumbe.clients-demo-website.com\/wp-content\/uploads\/2024\/10\/105.jpg\" data-width=\"619\" data-height=\"446\" aria-label=\"\" role=\"img\" ><\/div>\n\t\t\t\t\t\t\t\t\t\t\t<div class=\"elementor-gallery-item__overlay\"><\/div>\n\t\t\t\t\t\t\t\t\t\t\t\t\t\t<\/a>\n\t\t\t\t\t\t\t<a class=\"e-gallery-item elementor-gallery-item elementor-animated-content\" href=\"https:\/\/jeremiendoumbe.clients-demo-website.com\/wp-content\/uploads\/2024\/10\/106.jpg\" data-elementor-open-lightbox=\"yes\" data-elementor-lightbox-slideshow=\"149dd88\" data-e-action-hash=\"#elementor-action%3Aaction%3Dlightbox%26settings%3DeyJpZCI6MTI1OSwidXJsIjoiaHR0cHM6XC9cL2plcmVtaWVuZG91bWJlLmNsaWVudHMtZGVtby13ZWJzaXRlLmNvbVwvd3AtY29udGVudFwvdXBsb2Fkc1wvMjAyNFwvMTBcLzEwNi5qcGciLCJzbGlkZXNob3ciOiIxNDlkZDg4In0%3D\">\n\t\t\t\t\t<div class=\"e-gallery-image elementor-gallery-item__image\" data-thumbnail=\"https:\/\/jeremiendoumbe.clients-demo-website.com\/wp-content\/uploads\/2024\/10\/106.jpg\" data-width=\"1080\" data-height=\"810\" aria-label=\"\" role=\"img\" ><\/div>\n\t\t\t\t\t\t\t\t\t\t\t<div class=\"elementor-gallery-item__overlay\"><\/div>\n\t\t\t\t\t\t\t\t\t\t\t\t\t\t<\/a>\n\t\t\t\t\t\t\t<a class=\"e-gallery-item elementor-gallery-item elementor-animated-content\" href=\"https:\/\/jeremiendoumbe.clients-demo-website.com\/wp-content\/uploads\/2024\/10\/107.jpg\" data-elementor-open-lightbox=\"yes\" data-elementor-lightbox-slideshow=\"149dd88\" data-e-action-hash=\"#elementor-action%3Aaction%3Dlightbox%26settings%3DeyJpZCI6MTI1OCwidXJsIjoiaHR0cHM6XC9cL2plcmVtaWVuZG91bWJlLmNsaWVudHMtZGVtby13ZWJzaXRlLmNvbVwvd3AtY29udGVudFwvdXBsb2Fkc1wvMjAyNFwvMTBcLzEwNy5qcGciLCJzbGlkZXNob3ciOiIxNDlkZDg4In0%3D\">\n\t\t\t\t\t<div class=\"e-gallery-image elementor-gallery-item__image\" data-thumbnail=\"https:\/\/jeremiendoumbe.clients-demo-website.com\/wp-content\/uploads\/2024\/10\/107.jpg\" data-width=\"350\" data-height=\"437\" aria-label=\"\" role=\"img\" ><\/div>\n\t\t\t\t\t\t\t\t\t\t\t<div class=\"elementor-gallery-item__overlay\"><\/div>\n\t\t\t\t\t\t\t\t\t\t\t\t\t\t<\/a>\n\t\t\t\t\t<\/div>\n\t\t\t<\/div>\n\t\t\t\t<\/div>\n\t\t\t\t<div class=\"elementor-element elementor-element-51c8fff elementor-widget elementor-widget-text-editor\" data-id=\"51c8fff\" data-element_type=\"widget\" data-widget_type=\"text-editor.default\">\n\t\t\t\t<div class=\"elementor-widget-container\">\n\t\t\t\t\t\t\t<p>Interpoules 2024: Abdel Rahoufou soci\u00e9taire de Volcan du Noun, meilleur buteur de la comp\u00e9tition avec 4 r\u00e9alisations !<\/p>\t\t\t\t\t\t<\/div>\n\t\t\t\t<\/div>\n\t\t\t\t\t<\/div>\n\t\t<\/div>\n\t\t\t\t\t<\/div>\n\t\t<\/section>\n\t\t<div class=\"elementor-element elementor-element-e6422a5 e-flex e-con-boxed e-con e-parent\" data-id=\"e6422a5\" data-element_type=\"container\">\n\t\t\t\t\t<div class=\"e-con-inner\">\n\t\t\t\t\t<\/div>\n\t\t\t\t<\/div>\n\t\t\t\t<\/div>\n\t\t","protected":false},"excerpt":{"rendered":"<p>Home FOOTBALL AMATEUR FOOTBALL AMATEUR Fin en apoth\u00e9ose dimanche soir du tournoi des Interpoules 2024 au stade militaire de Ngoa-Ekele \u00e0 Yaound\u00e9. Atlantic FC de Kribi s&#8217;est impos\u00e9 en finale face \u00e0 Union sportive d&#8217;Abong-Mbang (1-0). Les deux clubs sont promus en\u00a0 MTNEliteTwo2025. Lors de la petite finale, Mintack FC du Centre a largement domin\u00e9 [&hellip;]<\/p>\n","protected":false},"author":1,"featured_media":0,"parent":0,"menu_order":0,"comment_status":"closed","ping_status":"closed","template":"elementor_header_footer","meta":{"footnotes":""},"class_list":["post-562","page","type-page","status-publish","hentry"],"_links":{"self":[{"href":"https:\/\/jeremiendoumbe.clients-demo-website.com\/index.php\/wp-json\/wp\/v2\/pages\/562","targetHints":{"allow":["GET"]}}],"collection":[{"href":"https:\/\/jeremiendoumbe.clients-demo-website.com\/index.php\/wp-json\/wp\/v2\/pages"}],"about":[{"href":"https:\/\/jeremiendoumbe.clients-demo-website.com\/index.php\/wp-json\/wp\/v2\/types\/page"}],"author":[{"embeddable":true,"href":"https:\/\/jeremiendoumbe.clients-demo-website.com\/index.php\/wp-json\/wp\/v2\/users\/1"}],"replies":[{"embeddable":true,"href":"https:\/\/jeremiendoumbe.clients-demo-website.com\/index.php\/wp-json\/wp\/v2\/comments?post=562"}],"version-history":[{"count":31,"href":"https:\/\/jeremiendoumbe.clients-demo-website.com\/index.php\/wp-json\/wp\/v2\/pages\/562\/revisions"}],"predecessor-version":[{"id":1327,"href":"https:\/\/jeremiendoumbe.clients-demo-website.com\/index.php\/wp-json\/wp\/v2\/pages\/562\/revisions\/1327"}],"wp:attachment":[{"href":"https:\/\/jeremiendoumbe.clients-demo-website.com\/index.php\/wp-json\/wp\/v2\/media?parent=562"}],"curies":[{"name":"wp","href":"https:\/\/api.w.org\/{rel}","templated":true}]}}