{"id":515,"date":"2024-09-23T22:01:51","date_gmt":"2024-09-23T22:01:51","guid":{"rendered":"https:\/\/jeremiendoumbe.clients-demo-website.com\/?page_id=515"},"modified":"2024-10-02T00:18:43","modified_gmt":"2024-10-02T00:18:43","slug":"equipe-nationale-cadet-u17","status":"publish","type":"page","link":"https:\/\/jeremiendoumbe.clients-demo-website.com\/index.php\/equipe-nationale-cadet-u17\/","title":{"rendered":"\u00c9QUIPE NATIONALE CADET (U17)"},"content":{"rendered":"\t\t<div data-elementor-type=\"wp-page\" data-elementor-id=\"515\" class=\"elementor elementor-515\" data-elementor-post-type=\"page\">\n\t\t\t\t\t\t<section class=\"elementor-section elementor-top-section elementor-element elementor-element-1ea2ff1 elementor-section-boxed elementor-section-height-default elementor-section-height-default\" data-id=\"1ea2ff1\" data-element_type=\"section\" data-settings=\"{&quot;background_background&quot;:&quot;classic&quot;}\">\n\t\t\t\t\t\t<div class=\"elementor-container elementor-column-gap-default\">\n\t\t\t\t\t<div class=\"elementor-column elementor-col-100 elementor-top-column elementor-element elementor-element-5d73b21\" data-id=\"5d73b21\" data-element_type=\"column\">\n\t\t\t<div class=\"elementor-widget-wrap elementor-element-populated\">\n\t\t\t\t\t\t<div class=\"elementor-element elementor-element-7416006 elementor-icon-list--layout-inline elementor-list-item-link-full_width elementor-widget elementor-widget-icon-list\" data-id=\"7416006\" data-element_type=\"widget\" data-widget_type=\"icon-list.default\">\n\t\t\t\t<div class=\"elementor-widget-container\">\n\t\t\t\t\t<ul class=\"elementor-icon-list-items elementor-inline-items\">\n\t\t\t\t\t\t\t<li class=\"elementor-icon-list-item elementor-inline-item\">\n\t\t\t\t\t\t\t\t\t\t\t<a href=\"https:\/\/jeremiendoumbe.clients-demo-website.com\">\n\n\t\t\t\t\t\t\t\t\t\t\t<span class=\"elementor-icon-list-text\">Home<\/span>\n\t\t\t\t\t\t\t\t\t\t\t<\/a>\n\t\t\t\t\t\t\t\t\t<\/li>\n\t\t\t\t\t\t\t\t<li class=\"elementor-icon-list-item elementor-inline-item\">\n\t\t\t\t\t\t\t\t\t\t\t<a href=\"https:\/\/jeremiendoumbe.clients-demo-website.com\/index.php\/equipe-nationale-cadet-u17\/\">\n\n\t\t\t\t\t\t\t\t\t\t\t\t<span class=\"elementor-icon-list-icon\">\n\t\t\t\t\t\t\t<svg aria-hidden=\"true\" class=\"e-font-icon-svg e-fas-chevron-right\" viewBox=\"0 0 320 512\" xmlns=\"http:\/\/www.w3.org\/2000\/svg\"><path d=\"M285.476 272.971L91.132 467.314c-9.373 9.373-24.569 9.373-33.941 0l-22.667-22.667c-9.357-9.357-9.375-24.522-.04-33.901L188.505 256 34.484 101.255c-9.335-9.379-9.317-24.544.04-33.901l22.667-22.667c9.373-9.373 24.569-9.373 33.941 0L285.475 239.03c9.373 9.372 9.373 24.568.001 33.941z\"><\/path><\/svg>\t\t\t\t\t\t<\/span>\n\t\t\t\t\t\t\t\t\t\t<span class=\"elementor-icon-list-text\">\u00c9QUIPE NATIONALE CADET (U17)<\/span>\n\t\t\t\t\t\t\t\t\t\t\t<\/a>\n\t\t\t\t\t\t\t\t\t<\/li>\n\t\t\t\t\t\t<\/ul>\n\t\t\t\t<\/div>\n\t\t\t\t<\/div>\n\t\t\t\t<div class=\"elementor-element elementor-element-987a636 elementor-widget elementor-widget-heading\" data-id=\"987a636\" data-element_type=\"widget\" data-widget_type=\"heading.default\">\n\t\t\t\t<div class=\"elementor-widget-container\">\n\t\t\t<h1 class=\"elementor-heading-title elementor-size-default\">\u00c9QUIPE NATIONALE CADET (U17)<\/h1>\t\t<\/div>\n\t\t\t\t<\/div>\n\t\t\t\t\t<\/div>\n\t\t<\/div>\n\t\t\t\t\t<\/div>\n\t\t<\/section>\n\t\t\t\t<section class=\"elementor-section elementor-top-section elementor-element elementor-element-294ad98 elementor-section-boxed elementor-section-height-default elementor-section-height-default\" data-id=\"294ad98\" data-element_type=\"section\" data-settings=\"{&quot;background_background&quot;:&quot;classic&quot;}\">\n\t\t\t\t\t\t<div class=\"elementor-container elementor-column-gap-default\">\n\t\t\t\t\t<div class=\"elementor-column elementor-col-100 elementor-top-column elementor-element elementor-element-67c805c\" data-id=\"67c805c\" data-element_type=\"column\">\n\t\t\t<div class=\"elementor-widget-wrap elementor-element-populated\">\n\t\t\t\t\t\t<section class=\"elementor-section elementor-inner-section elementor-element elementor-element-5b37a62 elementor-section-boxed elementor-section-height-default elementor-section-height-default\" data-id=\"5b37a62\" data-element_type=\"section\" data-settings=\"{&quot;background_background&quot;:&quot;classic&quot;}\">\n\t\t\t\t\t\t<div class=\"elementor-container elementor-column-gap-default\">\n\t\t\t\t\t<div class=\"elementor-column elementor-col-50 elementor-inner-column elementor-element elementor-element-e84be3a\" data-id=\"e84be3a\" data-element_type=\"column\">\n\t\t\t<div class=\"elementor-widget-wrap elementor-element-populated\">\n\t\t\t\t\t\t<div class=\"elementor-element elementor-element-c15422e elementor-widget elementor-widget-heading\" data-id=\"c15422e\" data-element_type=\"widget\" data-widget_type=\"heading.default\">\n\t\t\t\t<div class=\"elementor-widget-container\">\n\t\t\t<h2 class=\"elementor-heading-title elementor-size-default\">Echos de la tani\u00e8re<\/h2>\t\t<\/div>\n\t\t\t\t<\/div>\n\t\t\t\t<div class=\"elementor-element elementor-element-2b07964 elementor-widget elementor-widget-heading\" data-id=\"2b07964\" data-element_type=\"widget\" data-widget_type=\"heading.default\">\n\t\t\t\t<div class=\"elementor-widget-container\">\n\t\t\t<h2 class=\"elementor-heading-title elementor-size-default\">CAN TotalEnergies U17 Agg\u00e9rie 2023 <\/h2>\t\t<\/div>\n\t\t\t\t<\/div>\n\t\t\t\t<div class=\"elementor-element elementor-element-1a7b8ce elementor-widget elementor-widget-text-editor\" data-id=\"1a7b8ce\" data-element_type=\"widget\" data-widget_type=\"text-editor.default\">\n\t\t\t\t<div class=\"elementor-widget-container\">\n\t\t\t\t\t\t\t<div class=\"md:col-span-8 sm:col-span-11 sm:col-start-2 col-span-12\"><div class=\"w-full bg-white sm:mt-6 mt-4 rounded-2xl sm:px-10 px-5 sm:pt-10 pt-5 sm:pb-2 pb-1\"><div id=\"text\" class=\"lg:text-[28px] lg:leading-tight sm:text-xl sm:leading-tight text-lg leading-tight text-neutral-600 font-serif sm:*:mb-6 *:mb-4\"><p>Premi\u00e8re sortie et premi\u00e8re d\u00e9faite pour les lionceaux \u00a0\u00e0 la Coupe d&#8217;Afrique des Nations des moins de 17 ans de football. Oppos\u00e9s au Mali, les poulains de Serge Mimpo se sont inclin\u00e9s 0 but contre 2.<\/p><\/div><\/div><\/div><div class=\"sm:hidden lg:flex flex-col gap-4 col-span-12 lg:col-span-3 lg:col-start-10 mt-4 lg:mt-12\"><div class=\"hidden lg:flex flex-col gap-2 px-6 pt-6 pb-5 border border-neutral-800 rounded-2xl\">\u00a0<\/div><\/div>\t\t\t\t\t\t<\/div>\n\t\t\t\t<\/div>\n\t\t\t\t\t<\/div>\n\t\t<\/div>\n\t\t\t\t<div class=\"elementor-column elementor-col-50 elementor-inner-column elementor-element elementor-element-c2513d9\" data-id=\"c2513d9\" data-element_type=\"column\">\n\t\t\t<div class=\"elementor-widget-wrap elementor-element-populated\">\n\t\t\t\t\t\t<div class=\"elementor-element elementor-element-a2064ae bdt-navigation-type-dots elementor-align-center elementor-widget elementor-widget-bdt-slider\" data-id=\"a2064ae\" data-element_type=\"widget\" data-widget_type=\"bdt-slider.default\">\n\t\t\t\t<div class=\"elementor-widget-container\">\n\t\t\t\t\t<div id=\"bdt-slider-a2064ae\" class=\"bdt-slider bdt-dots-align-bottom-center\" data-settings=\"{&quot;autoplay&quot;:{&quot;delay&quot;:4000},&quot;loop&quot;:true,&quot;speed&quot;:500,&quot;effect&quot;:&quot;slide&quot;,&quot;navigation&quot;:{&quot;nextEl&quot;:&quot;#bdt-slider-a2064ae .bdt-navigation-next&quot;,&quot;prevEl&quot;:&quot;#bdt-slider-a2064ae .bdt-navigation-prev&quot;},&quot;pagination&quot;:{&quot;el&quot;:&quot;#bdt-slider-a2064ae .swiper-pagination&quot;,&quot;type&quot;:&quot;bullets&quot;,&quot;clickable&quot;:&quot;true&quot;,&quot;dynamicBullets&quot;:false},&quot;scrollbar&quot;:{&quot;el&quot;:&quot;#bdt-slider-a2064ae .swiper-scrollbar&quot;,&quot;hide&quot;:&quot;true&quot;}}\">\n\t\t\t<div class=\"swiper-carousel swiper\">\n\t\t\t\t\t\t<div class=\"swiper-wrapper\">\n\t\t\t\t\t<div class=\"bdt-slide-item swiper-slide bdt-slide-effect-left\">\n\n\t\t\t\t\n\t\t\t\t\t\t\t\t\t\t\t<div class=\"bdt-slider-image-wrapper\">\n\t\t\t\t\t\t\t<img fetchpriority=\"high\" decoding=\"async\" width=\"1080\" height=\"720\" src=\"https:\/\/jeremiendoumbe.clients-demo-website.com\/wp-content\/uploads\/2024\/10\/Jewel-14.jpg\" class=\"bdt-cover\" alt=\"\" data-bdt-cover=\"1\" srcset=\"https:\/\/jeremiendoumbe.clients-demo-website.com\/wp-content\/uploads\/2024\/10\/Jewel-14.jpg 1080w, https:\/\/jeremiendoumbe.clients-demo-website.com\/wp-content\/uploads\/2024\/10\/Jewel-14-300x200.jpg 300w, https:\/\/jeremiendoumbe.clients-demo-website.com\/wp-content\/uploads\/2024\/10\/Jewel-14-1024x683.jpg 1024w, https:\/\/jeremiendoumbe.clients-demo-website.com\/wp-content\/uploads\/2024\/10\/Jewel-14-768x512.jpg 768w\" sizes=\"(max-width: 1080px) 100vw, 1080px\" \/>\t\t\t\t\t\t<\/div>\n\t\t\t\t\t\n\t\t\t\t\t<div class=\"bdt-slide-desc bdt-position-large bdt-position-center bdt-position-z-index\">\n\n\t\t\t\t\t\t\n\t\t\t\t\t\t\n\t\t\t\t\t\t\t\t\t\t\t\t\t<div class=\"bdt-slide-link-wrapper\">\n\t\t\t\t\t\t\t\t<a class=\"bdt-slide-link \" href=\"#\">\n\n\t\t\t\t\t\t\t\t\t\n\t\t\t\t\t\t\t\t\t\t\t\t\t\t\t\t\t<\/a>\n\t\t\t\t\t\t\t<\/div>\n\t\t\t\t\t\t\t\t\t\t\t<\/div>\n\n\t\t\t\t\n\t\t\t<\/div>\n\t\t\t\t\t\t<div class=\"bdt-slide-item swiper-slide bdt-slide-effect-left\">\n\n\t\t\t\t\n\t\t\t\t\t\t\t\t\t\t\t<div class=\"bdt-slider-image-wrapper\">\n\t\t\t\t\t\t\t<img decoding=\"async\" width=\"780\" height=\"440\" src=\"https:\/\/jeremiendoumbe.clients-demo-website.com\/wp-content\/uploads\/2024\/10\/Jewel-15.jpg\" class=\"bdt-cover\" alt=\"\" data-bdt-cover=\"1\" srcset=\"https:\/\/jeremiendoumbe.clients-demo-website.com\/wp-content\/uploads\/2024\/10\/Jewel-15.jpg 780w, https:\/\/jeremiendoumbe.clients-demo-website.com\/wp-content\/uploads\/2024\/10\/Jewel-15-300x169.jpg 300w, https:\/\/jeremiendoumbe.clients-demo-website.com\/wp-content\/uploads\/2024\/10\/Jewel-15-768x433.jpg 768w\" sizes=\"(max-width: 780px) 100vw, 780px\" \/>\t\t\t\t\t\t<\/div>\n\t\t\t\t\t\n\t\t\t\t\t<div class=\"bdt-slide-desc bdt-position-large bdt-position-center bdt-position-z-index\">\n\n\t\t\t\t\t\t\n\t\t\t\t\t\t\n\t\t\t\t\t\t\t\t\t\t\t\t\t<div class=\"bdt-slide-link-wrapper\">\n\t\t\t\t\t\t\t\t<a class=\"bdt-slide-link \" href=\"#\">\n\n\t\t\t\t\t\t\t\t\t\n\t\t\t\t\t\t\t\t\t\t\t\t\t\t\t\t\t<\/a>\n\t\t\t\t\t\t\t<\/div>\n\t\t\t\t\t\t\t\t\t\t\t<\/div>\n\n\t\t\t\t\n\t\t\t<\/div>\n\t\t\t\t\t\t<div class=\"bdt-slide-item swiper-slide bdt-slide-effect-left\">\n\n\t\t\t\t\n\t\t\t\t\t\t\t\t\t\t\t<div class=\"bdt-slider-image-wrapper\">\n\t\t\t\t\t\t\t<img decoding=\"async\" width=\"1200\" height=\"800\" src=\"https:\/\/jeremiendoumbe.clients-demo-website.com\/wp-content\/uploads\/2024\/10\/Jewel-16.jpg\" class=\"bdt-cover\" alt=\"\" data-bdt-cover=\"1\" srcset=\"https:\/\/jeremiendoumbe.clients-demo-website.com\/wp-content\/uploads\/2024\/10\/Jewel-16.jpg 1200w, https:\/\/jeremiendoumbe.clients-demo-website.com\/wp-content\/uploads\/2024\/10\/Jewel-16-300x200.jpg 300w, https:\/\/jeremiendoumbe.clients-demo-website.com\/wp-content\/uploads\/2024\/10\/Jewel-16-1024x683.jpg 1024w, https:\/\/jeremiendoumbe.clients-demo-website.com\/wp-content\/uploads\/2024\/10\/Jewel-16-768x512.jpg 768w\" sizes=\"(max-width: 1200px) 100vw, 1200px\" \/>\t\t\t\t\t\t<\/div>\n\t\t\t\t\t\n\t\t\t\t\t<div class=\"bdt-slide-desc bdt-position-large bdt-position-center bdt-position-z-index\">\n\n\t\t\t\t\t\t\n\t\t\t\t\t\t\n\t\t\t\t\t\t\t\t\t\t\t\t\t<div class=\"bdt-slide-link-wrapper\">\n\t\t\t\t\t\t\t\t<a class=\"bdt-slide-link \" href=\"#\">\n\n\t\t\t\t\t\t\t\t\t\n\t\t\t\t\t\t\t\t\t\t\t\t\t\t\t\t\t<\/a>\n\t\t\t\t\t\t\t<\/div>\n\t\t\t\t\t\t\t\t\t\t\t<\/div>\n\n\t\t\t\t\n\t\t\t<\/div>\n\t\t\t\t\t<\/div>\n\t\t\t\t\t<div class=\"swiper-scrollbar\"><\/div>\n\t\t\t\t<\/div>\n\n\t\t\t\t\t<div class=\"bdt-position-z-index bdt-position-bottom-center\">\n\t\t\t\t<div class=\"bdt-dots-container\">\n\t\t\t\t\t<div class=\"swiper-pagination\"><\/div>\n\t\t\t\t<\/div>\n\t\t\t<\/div>\n\n\t\t\t\t<\/div>\n\t\t\t\t<\/div>\n\t\t\t\t<\/div>\n\t\t\t\t\t<\/div>\n\t\t<\/div>\n\t\t\t\t\t<\/div>\n\t\t<\/section>\n\t\t\t\t\t<\/div>\n\t\t<\/div>\n\t\t\t\t\t<\/div>\n\t\t<\/section>\n\t\t\t\t<\/div>\n\t\t","protected":false},"excerpt":{"rendered":"<p>Home Echos de la tani\u00e8re CAN TotalEnergies U17 Agg\u00e9rie 2023 Premi\u00e8re sortie et premi\u00e8re d\u00e9faite pour les lionceaux \u00a0\u00e0 la Coupe d&#8217;Afrique des Nations des moins de 17 ans de football. Oppos\u00e9s au Mali, les poulains de Serge Mimpo se sont inclin\u00e9s 0 but contre 2. \u00a0<\/p>\n","protected":false},"author":1,"featured_media":0,"parent":0,"menu_order":0,"comment_status":"closed","ping_status":"closed","template":"elementor_header_footer","meta":{"footnotes":""},"class_list":["post-515","page","type-page","status-publish","hentry"],"_links":{"self":[{"href":"https:\/\/jeremiendoumbe.clients-demo-website.com\/index.php\/wp-json\/wp\/v2\/pages\/515","targetHints":{"allow":["GET"]}}],"collection":[{"href":"https:\/\/jeremiendoumbe.clients-demo-website.com\/index.php\/wp-json\/wp\/v2\/pages"}],"about":[{"href":"https:\/\/jeremiendoumbe.clients-demo-website.com\/index.php\/wp-json\/wp\/v2\/types\/page"}],"author":[{"embeddable":true,"href":"https:\/\/jeremiendoumbe.clients-demo-website.com\/index.php\/wp-json\/wp\/v2\/users\/1"}],"replies":[{"embeddable":true,"href":"https:\/\/jeremiendoumbe.clients-demo-website.com\/index.php\/wp-json\/wp\/v2\/comments?post=515"}],"version-history":[{"count":11,"href":"https:\/\/jeremiendoumbe.clients-demo-website.com\/index.php\/wp-json\/wp\/v2\/pages\/515\/revisions"}],"predecessor-version":[{"id":907,"href":"https:\/\/jeremiendoumbe.clients-demo-website.com\/index.php\/wp-json\/wp\/v2\/pages\/515\/revisions\/907"}],"wp:attachment":[{"href":"https:\/\/jeremiendoumbe.clients-demo-website.com\/index.php\/wp-json\/wp\/v2\/media?parent=515"}],"curies":[{"name":"wp","href":"https:\/\/api.w.org\/{rel}","templated":true}]}}