{"id":499,"date":"2024-09-23T21:56:33","date_gmt":"2024-09-23T21:56:33","guid":{"rendered":"https:\/\/jeremiendoumbe.clients-demo-website.com\/?page_id=499"},"modified":"2024-10-01T21:30:04","modified_gmt":"2024-10-01T21:30:04","slug":"equipe-nationale-espoir-u23","status":"publish","type":"page","link":"https:\/\/jeremiendoumbe.clients-demo-website.com\/index.php\/equipe-nationale-espoir-u23\/","title":{"rendered":"\u00c9QUIPE NATIONALE ESPOIR (U23)"},"content":{"rendered":"\t\t<div data-elementor-type=\"wp-page\" data-elementor-id=\"499\" class=\"elementor elementor-499\" data-elementor-post-type=\"page\">\n\t\t\t\t\t\t<section class=\"elementor-section elementor-top-section elementor-element elementor-element-1ea2ff1 elementor-section-boxed elementor-section-height-default elementor-section-height-default\" data-id=\"1ea2ff1\" data-element_type=\"section\" data-settings=\"{&quot;background_background&quot;:&quot;classic&quot;}\">\n\t\t\t\t\t\t<div class=\"elementor-container elementor-column-gap-default\">\n\t\t\t\t\t<div class=\"elementor-column elementor-col-100 elementor-top-column elementor-element elementor-element-5d73b21\" data-id=\"5d73b21\" data-element_type=\"column\">\n\t\t\t<div class=\"elementor-widget-wrap elementor-element-populated\">\n\t\t\t\t\t\t<div class=\"elementor-element elementor-element-7416006 elementor-icon-list--layout-inline elementor-list-item-link-full_width elementor-widget elementor-widget-icon-list\" data-id=\"7416006\" data-element_type=\"widget\" data-widget_type=\"icon-list.default\">\n\t\t\t\t<div class=\"elementor-widget-container\">\n\t\t\t\t\t<ul class=\"elementor-icon-list-items elementor-inline-items\">\n\t\t\t\t\t\t\t<li class=\"elementor-icon-list-item elementor-inline-item\">\n\t\t\t\t\t\t\t\t\t\t\t<a href=\"https:\/\/jeremiendoumbe.clients-demo-website.com\">\n\n\t\t\t\t\t\t\t\t\t\t\t<span class=\"elementor-icon-list-text\">Home<\/span>\n\t\t\t\t\t\t\t\t\t\t\t<\/a>\n\t\t\t\t\t\t\t\t\t<\/li>\n\t\t\t\t\t\t\t\t<li class=\"elementor-icon-list-item elementor-inline-item\">\n\t\t\t\t\t\t\t\t\t\t\t<a href=\"https:\/\/jeremiendoumbe.clients-demo-website.com\/index.php\/equipe-nationale-espoir-u23\/\">\n\n\t\t\t\t\t\t\t\t\t\t\t\t<span class=\"elementor-icon-list-icon\">\n\t\t\t\t\t\t\t<svg aria-hidden=\"true\" class=\"e-font-icon-svg e-fas-chevron-right\" viewBox=\"0 0 320 512\" xmlns=\"http:\/\/www.w3.org\/2000\/svg\"><path d=\"M285.476 272.971L91.132 467.314c-9.373 9.373-24.569 9.373-33.941 0l-22.667-22.667c-9.357-9.357-9.375-24.522-.04-33.901L188.505 256 34.484 101.255c-9.335-9.379-9.317-24.544.04-33.901l22.667-22.667c9.373-9.373 24.569-9.373 33.941 0L285.475 239.03c9.373 9.372 9.373 24.568.001 33.941z\"><\/path><\/svg>\t\t\t\t\t\t<\/span>\n\t\t\t\t\t\t\t\t\t\t<span class=\"elementor-icon-list-text\">\u00c9QUIPE NATIONALE ESPOIR (U23)<\/span>\n\t\t\t\t\t\t\t\t\t\t\t<\/a>\n\t\t\t\t\t\t\t\t\t<\/li>\n\t\t\t\t\t\t<\/ul>\n\t\t\t\t<\/div>\n\t\t\t\t<\/div>\n\t\t\t\t<div class=\"elementor-element elementor-element-987a636 elementor-widget elementor-widget-heading\" data-id=\"987a636\" data-element_type=\"widget\" data-widget_type=\"heading.default\">\n\t\t\t\t<div class=\"elementor-widget-container\">\n\t\t\t<h1 class=\"elementor-heading-title elementor-size-default\">\u00c9QUIPE NATIONALE ESPOIR (U23)<\/h1>\t\t<\/div>\n\t\t\t\t<\/div>\n\t\t\t\t\t<\/div>\n\t\t<\/div>\n\t\t\t\t\t<\/div>\n\t\t<\/section>\n\t\t\t\t<section class=\"elementor-section elementor-top-section elementor-element elementor-element-294ad98 elementor-section-boxed elementor-section-height-default elementor-section-height-default\" data-id=\"294ad98\" data-element_type=\"section\" data-settings=\"{&quot;background_background&quot;:&quot;classic&quot;}\">\n\t\t\t\t\t\t<div class=\"elementor-container elementor-column-gap-default\">\n\t\t\t\t\t<div class=\"elementor-column elementor-col-100 elementor-top-column elementor-element elementor-element-67c805c\" data-id=\"67c805c\" data-element_type=\"column\">\n\t\t\t<div class=\"elementor-widget-wrap elementor-element-populated\">\n\t\t\t\t\t\t<section class=\"elementor-section elementor-inner-section elementor-element elementor-element-5b37a62 elementor-section-boxed elementor-section-height-default elementor-section-height-default\" data-id=\"5b37a62\" data-element_type=\"section\" data-settings=\"{&quot;background_background&quot;:&quot;classic&quot;}\">\n\t\t\t\t\t\t<div class=\"elementor-container elementor-column-gap-default\">\n\t\t\t\t\t<div class=\"elementor-column elementor-col-50 elementor-inner-column elementor-element elementor-element-e84be3a\" data-id=\"e84be3a\" data-element_type=\"column\">\n\t\t\t<div class=\"elementor-widget-wrap elementor-element-populated\">\n\t\t\t\t\t\t<div class=\"elementor-element elementor-element-c15422e elementor-widget elementor-widget-heading\" data-id=\"c15422e\" data-element_type=\"widget\" data-widget_type=\"heading.default\">\n\t\t\t\t<div class=\"elementor-widget-container\">\n\t\t\t<h2 class=\"elementor-heading-title elementor-size-default\">Echos de la tani\u00e8re<\/h2>\t\t<\/div>\n\t\t\t\t<\/div>\n\t\t\t\t<div class=\"elementor-element elementor-element-e94e42a elementor-widget elementor-widget-text-editor\" data-id=\"e94e42a\" data-element_type=\"widget\" data-widget_type=\"text-editor.default\">\n\t\t\t\t<div class=\"elementor-widget-container\">\n\t\t\t\t\t\t\t<p><strong>Eliminatoires CAN TotalEnergies U23 Maroc 2023<\/strong>: Battu par le Gabon, le Cameroun n\u2019ira pas au Maroc<\/p><p>Les Lions Indomptables U23 n\u2019iront pas \u00e0 la Coupe d\u2019Afrique des Nations 2023 au Maroc. Malgr\u00e9 leur victoire (1-0) au terme du temps r\u00e9glementaire, les Lions sont tomb\u00e9s aux tirs aux buts (6-7) face au Gabon.<\/p>\t\t\t\t\t\t<\/div>\n\t\t\t\t<\/div>\n\t\t\t\t<div class=\"elementor-element elementor-element-1a7b8ce elementor-widget elementor-widget-text-editor\" data-id=\"1a7b8ce\" data-element_type=\"widget\" data-widget_type=\"text-editor.default\">\n\t\t\t\t<div class=\"elementor-widget-container\">\n\t\t\t\t\t\t\t<div class=\"md:col-span-8 sm:col-span-11 sm:col-start-2 col-span-12\"><div class=\"w-full bg-white sm:mt-6 mt-4 rounded-2xl sm:px-10 px-5 sm:pt-10 pt-5 sm:pb-2 pb-1\"><div id=\"text\" class=\"lg:text-[28px] lg:leading-tight sm:text-xl sm:leading-tight text-lg leading-tight text-neutral-600 font-serif sm:*:mb-6 *:mb-4\"><p>Le Cameroun recevait le Gabon cet apr\u00e8s-midi au stade Ahmadou Ahidjo, \u00e0 l\u2019occasion du match retour des qualifications pour la Coupe d\u2019Afrique des Nations U23. Battus (1-0) \u00e0 l\u2019aller par les panth\u00e8res du Gabon, les poulains de Guy Feutchine se sont impos\u00e9s (1-0) au terme du match retour. Absent lors du premier match, Etienne Eto\u2019o sera l\u2019unique buteur de la partie. L\u2019attaquant de UD Poblense va reprendre de la t\u00eate un centre du capitaine Ibrahim Saidou donnant ainsi l\u2019avantage (1-0) \u00e0 son \u00e9quipe \u00e0 la pause. En deuxi\u00e8me p\u00e9riode, les Lions vont se procurer les meilleures occasions mais ne trouveront pas la faille. \u00c7a sera donc aux tirs aux buts que l\u2019issue de la partie se d\u00e9cidera.<\/p><\/div><\/div><\/div>\t\t\t\t\t\t<\/div>\n\t\t\t\t<\/div>\n\t\t\t\t\t<\/div>\n\t\t<\/div>\n\t\t\t\t<div class=\"elementor-column elementor-col-50 elementor-inner-column elementor-element elementor-element-c2513d9\" data-id=\"c2513d9\" data-element_type=\"column\">\n\t\t\t<div class=\"elementor-widget-wrap elementor-element-populated\">\n\t\t\t\t\t\t<div class=\"elementor-element elementor-element-9632602 bdt-navigation-type-dots elementor-align-center elementor-widget elementor-widget-bdt-slider\" data-id=\"9632602\" data-element_type=\"widget\" data-widget_type=\"bdt-slider.default\">\n\t\t\t\t<div class=\"elementor-widget-container\">\n\t\t\t\t\t<div id=\"bdt-slider-9632602\" class=\"bdt-slider bdt-dots-align-bottom-center\" data-settings=\"{&quot;autoplay&quot;:{&quot;delay&quot;:4000},&quot;loop&quot;:true,&quot;speed&quot;:500,&quot;effect&quot;:&quot;slide&quot;,&quot;navigation&quot;:{&quot;nextEl&quot;:&quot;#bdt-slider-9632602 .bdt-navigation-next&quot;,&quot;prevEl&quot;:&quot;#bdt-slider-9632602 .bdt-navigation-prev&quot;},&quot;pagination&quot;:{&quot;el&quot;:&quot;#bdt-slider-9632602 .swiper-pagination&quot;,&quot;type&quot;:&quot;bullets&quot;,&quot;clickable&quot;:&quot;true&quot;,&quot;dynamicBullets&quot;:false},&quot;scrollbar&quot;:{&quot;el&quot;:&quot;#bdt-slider-9632602 .swiper-scrollbar&quot;,&quot;hide&quot;:&quot;true&quot;}}\">\n\t\t\t<div class=\"swiper-carousel swiper\">\n\t\t\t\t\t\t<div class=\"swiper-wrapper\">\n\t\t\t\t\t<div class=\"bdt-slide-item swiper-slide bdt-slide-effect-left\">\n\n\t\t\t\t\n\t\t\t\t\t\t\t\t\t\t\t<div class=\"bdt-slider-image-wrapper\">\n\t\t\t\t\t\t\t<img fetchpriority=\"high\" decoding=\"async\" width=\"1080\" height=\"701\" src=\"https:\/\/jeremiendoumbe.clients-demo-website.com\/wp-content\/uploads\/2024\/10\/Jewel-10.jpg\" class=\"bdt-cover\" alt=\"\" data-bdt-cover=\"1\" srcset=\"https:\/\/jeremiendoumbe.clients-demo-website.com\/wp-content\/uploads\/2024\/10\/Jewel-10.jpg 1080w, https:\/\/jeremiendoumbe.clients-demo-website.com\/wp-content\/uploads\/2024\/10\/Jewel-10-300x195.jpg 300w, https:\/\/jeremiendoumbe.clients-demo-website.com\/wp-content\/uploads\/2024\/10\/Jewel-10-1024x665.jpg 1024w, https:\/\/jeremiendoumbe.clients-demo-website.com\/wp-content\/uploads\/2024\/10\/Jewel-10-768x498.jpg 768w\" sizes=\"(max-width: 1080px) 100vw, 1080px\" \/>\t\t\t\t\t\t<\/div>\n\t\t\t\t\t\n\t\t\t\t\t<div class=\"bdt-slide-desc bdt-position-large bdt-position-center bdt-position-z-index\">\n\n\t\t\t\t\t\t\n\t\t\t\t\t\t\n\t\t\t\t\t\t\t\t\t\t\t<\/div>\n\n\t\t\t\t\n\t\t\t<\/div>\n\t\t\t\t\t\t<div class=\"bdt-slide-item swiper-slide bdt-slide-effect-left\">\n\n\t\t\t\t\n\t\t\t\t\t\t\t\t\t\t\t<div class=\"bdt-slider-image-wrapper\">\n\t\t\t\t\t\t\t<img decoding=\"async\" width=\"1280\" height=\"853\" src=\"https:\/\/jeremiendoumbe.clients-demo-website.com\/wp-content\/uploads\/2024\/10\/Jewel-11.jpg\" class=\"bdt-cover\" alt=\"\" data-bdt-cover=\"1\" srcset=\"https:\/\/jeremiendoumbe.clients-demo-website.com\/wp-content\/uploads\/2024\/10\/Jewel-11.jpg 1280w, https:\/\/jeremiendoumbe.clients-demo-website.com\/wp-content\/uploads\/2024\/10\/Jewel-11-300x200.jpg 300w, https:\/\/jeremiendoumbe.clients-demo-website.com\/wp-content\/uploads\/2024\/10\/Jewel-11-1024x682.jpg 1024w, https:\/\/jeremiendoumbe.clients-demo-website.com\/wp-content\/uploads\/2024\/10\/Jewel-11-768x512.jpg 768w\" sizes=\"(max-width: 1280px) 100vw, 1280px\" \/>\t\t\t\t\t\t<\/div>\n\t\t\t\t\t\n\t\t\t\t\t<div class=\"bdt-slide-desc bdt-position-large bdt-position-center bdt-position-z-index\">\n\n\t\t\t\t\t\t\n\t\t\t\t\t\t\n\t\t\t\t\t\t\t\t\t\t\t<\/div>\n\n\t\t\t\t\n\t\t\t<\/div>\n\t\t\t\t\t<\/div>\n\t\t\t\t\t<div class=\"swiper-scrollbar\"><\/div>\n\t\t\t\t<\/div>\n\n\t\t\t\t\t<div class=\"bdt-position-z-index bdt-position-bottom-center\">\n\t\t\t\t<div class=\"bdt-dots-container\">\n\t\t\t\t\t<div class=\"swiper-pagination\"><\/div>\n\t\t\t\t<\/div>\n\t\t\t<\/div>\n\n\t\t\t\t<\/div>\n\t\t\t\t<\/div>\n\t\t\t\t<\/div>\n\t\t\t\t\t<\/div>\n\t\t<\/div>\n\t\t\t\t\t<\/div>\n\t\t<\/section>\n\t\t\t\t<section class=\"elementor-section elementor-inner-section elementor-element elementor-element-aec71e8 elementor-section-boxed elementor-section-height-default elementor-section-height-default\" data-id=\"aec71e8\" data-element_type=\"section\" data-settings=\"{&quot;background_background&quot;:&quot;classic&quot;}\">\n\t\t\t\t\t\t<div class=\"elementor-container elementor-column-gap-default\">\n\t\t\t\t\t<div class=\"elementor-column elementor-col-100 elementor-inner-column elementor-element elementor-element-3a20cc5\" data-id=\"3a20cc5\" data-element_type=\"column\">\n\t\t\t<div class=\"elementor-widget-wrap elementor-element-populated\">\n\t\t\t\t\t\t<div class=\"elementor-element elementor-element-f9533e4 elementor-widget elementor-widget-text-editor\" data-id=\"f9533e4\" data-element_type=\"widget\" data-widget_type=\"text-editor.default\">\n\t\t\t\t<div class=\"elementor-widget-container\">\n\t\t\t\t\t\t\t<p>Simon Ngapandouetnbu bless\u00e9 et remplac\u00e9, c\u2019est Wilfred Bedfian qui sera dans les cages lors de la fatidique s\u00e9ance des tirs aux buts. Le gardien caennais va retirer le premier tir gabonais mais sera impuissant sur les 7 autres. Ibrahim Saidou et St\u00e9phane Keller vont louper leurs tirs permettant ainsi aux gabonais de s\u2019imposer (6-7). Le Cameroun ne sera donc pas \u00e0 la prochaine CAN U23.<\/p>\t\t\t\t\t\t<\/div>\n\t\t\t\t<\/div>\n\t\t\t\t\t<\/div>\n\t\t<\/div>\n\t\t\t\t\t<\/div>\n\t\t<\/section>\n\t\t\t\t\t<\/div>\n\t\t<\/div>\n\t\t\t\t\t<\/div>\n\t\t<\/section>\n\t\t<div class=\"elementor-element elementor-element-8f8d1ae e-flex e-con-boxed e-con e-parent\" data-id=\"8f8d1ae\" data-element_type=\"container\">\n\t\t\t\t\t<div class=\"e-con-inner\">\n\t\t\t\t\t<\/div>\n\t\t\t\t<\/div>\n\t\t\t\t<\/div>\n\t\t","protected":false},"excerpt":{"rendered":"<p>Home Echos de la tani\u00e8re Eliminatoires CAN TotalEnergies U23 Maroc 2023: Battu par le Gabon, le Cameroun n\u2019ira pas au Maroc Les Lions Indomptables U23 n\u2019iront pas \u00e0 la Coupe d\u2019Afrique des Nations 2023 au Maroc. Malgr\u00e9 leur victoire (1-0) au terme du temps r\u00e9glementaire, les Lions sont tomb\u00e9s aux tirs aux buts (6-7) face [&hellip;]<\/p>\n","protected":false},"author":1,"featured_media":0,"parent":0,"menu_order":0,"comment_status":"closed","ping_status":"closed","template":"elementor_header_footer","meta":{"footnotes":""},"class_list":["post-499","page","type-page","status-publish","hentry"],"_links":{"self":[{"href":"https:\/\/jeremiendoumbe.clients-demo-website.com\/index.php\/wp-json\/wp\/v2\/pages\/499","targetHints":{"allow":["GET"]}}],"collection":[{"href":"https:\/\/jeremiendoumbe.clients-demo-website.com\/index.php\/wp-json\/wp\/v2\/pages"}],"about":[{"href":"https:\/\/jeremiendoumbe.clients-demo-website.com\/index.php\/wp-json\/wp\/v2\/types\/page"}],"author":[{"embeddable":true,"href":"https:\/\/jeremiendoumbe.clients-demo-website.com\/index.php\/wp-json\/wp\/v2\/users\/1"}],"replies":[{"embeddable":true,"href":"https:\/\/jeremiendoumbe.clients-demo-website.com\/index.php\/wp-json\/wp\/v2\/comments?post=499"}],"version-history":[{"count":18,"href":"https:\/\/jeremiendoumbe.clients-demo-website.com\/index.php\/wp-json\/wp\/v2\/pages\/499\/revisions"}],"predecessor-version":[{"id":811,"href":"https:\/\/jeremiendoumbe.clients-demo-website.com\/index.php\/wp-json\/wp\/v2\/pages\/499\/revisions\/811"}],"wp:attachment":[{"href":"https:\/\/jeremiendoumbe.clients-demo-website.com\/index.php\/wp-json\/wp\/v2\/media?parent=499"}],"curies":[{"name":"wp","href":"https:\/\/api.w.org\/{rel}","templated":true}]}}