{"id":1917,"date":"2024-10-14T18:53:50","date_gmt":"2024-10-14T18:53:50","guid":{"rendered":"https:\/\/jeremiendoumbe.clients-demo-website.com\/?page_id=1917"},"modified":"2024-10-14T19:34:16","modified_gmt":"2024-10-14T19:34:16","slug":"oupe-dafrique-des-nations-de-football-des-moins-de-23","status":"publish","type":"page","link":"https:\/\/jeremiendoumbe.clients-demo-website.com\/index.php\/oupe-dafrique-des-nations-de-football-des-moins-de-23\/","title":{"rendered":"OUPE D\u2019AFRIQUE DES NATIONS DE FOOTBALL DES MOINS DE 23"},"content":{"rendered":"\t\t<div data-elementor-type=\"wp-page\" data-elementor-id=\"1917\" class=\"elementor elementor-1917\" data-elementor-post-type=\"page\">\n\t\t\t\t\t\t<section class=\"elementor-section elementor-top-section elementor-element elementor-element-3a4cbe3 elementor-section-boxed elementor-section-height-default elementor-section-height-default\" data-id=\"3a4cbe3\" data-element_type=\"section\" data-settings=\"{&quot;background_background&quot;:&quot;classic&quot;}\">\n\t\t\t\t\t\t<div class=\"elementor-container elementor-column-gap-default\">\n\t\t\t\t\t<div class=\"elementor-column elementor-col-100 elementor-top-column elementor-element elementor-element-5be4c6e\" data-id=\"5be4c6e\" data-element_type=\"column\">\n\t\t\t<div class=\"elementor-widget-wrap elementor-element-populated\">\n\t\t\t\t\t\t<div class=\"elementor-element elementor-element-b8c15fb elementor-icon-list--layout-inline elementor-list-item-link-full_width elementor-widget elementor-widget-icon-list\" data-id=\"b8c15fb\" data-element_type=\"widget\" data-widget_type=\"icon-list.default\">\n\t\t\t\t<div class=\"elementor-widget-container\">\n\t\t\t\t\t<ul class=\"elementor-icon-list-items elementor-inline-items\">\n\t\t\t\t\t\t\t<li class=\"elementor-icon-list-item elementor-inline-item\">\n\t\t\t\t\t\t\t\t\t\t\t<a href=\"https:\/\/jeremiendoumbe.clients-demo-website.com\">\n\n\t\t\t\t\t\t\t\t\t\t\t<span class=\"elementor-icon-list-text\">Home<\/span>\n\t\t\t\t\t\t\t\t\t\t\t<\/a>\n\t\t\t\t\t\t\t\t\t<\/li>\n\t\t\t\t\t\t\t\t<li class=\"elementor-icon-list-item elementor-inline-item\">\n\t\t\t\t\t\t\t\t\t\t\t<a href=\"https:\/\/jeremiendoumbe.clients-demo-website.com\/index.php\/coupe-dafrique-des-nations-masculin\/\">\n\n\t\t\t\t\t\t\t\t\t\t\t\t<span class=\"elementor-icon-list-icon\">\n\t\t\t\t\t\t\t<svg aria-hidden=\"true\" class=\"e-font-icon-svg e-fas-chevron-right\" viewBox=\"0 0 320 512\" xmlns=\"http:\/\/www.w3.org\/2000\/svg\"><path d=\"M285.476 272.971L91.132 467.314c-9.373 9.373-24.569 9.373-33.941 0l-22.667-22.667c-9.357-9.357-9.375-24.522-.04-33.901L188.505 256 34.484 101.255c-9.335-9.379-9.317-24.544.04-33.901l22.667-22.667c9.373-9.373 24.569-9.373 33.941 0L285.475 239.03c9.373 9.372 9.373 24.568.001 33.941z\"><\/path><\/svg>\t\t\t\t\t\t<\/span>\n\t\t\t\t\t\t\t\t\t\t<span class=\"elementor-icon-list-text\">OUPE D\u2019AFRIQUE DES NATIONS DE FOOTBALL DES MOINS DE 23<\/span>\n\t\t\t\t\t\t\t\t\t\t\t<\/a>\n\t\t\t\t\t\t\t\t\t<\/li>\n\t\t\t\t\t\t<\/ul>\n\t\t\t\t<\/div>\n\t\t\t\t<\/div>\n\t\t\t\t<div class=\"elementor-element elementor-element-83ce38c elementor-widget__width-initial elementor-widget elementor-widget-heading\" data-id=\"83ce38c\" data-element_type=\"widget\" data-widget_type=\"heading.default\">\n\t\t\t\t<div class=\"elementor-widget-container\">\n\t\t\t<h1 class=\"elementor-heading-title elementor-size-default\">OUPE D\u2019AFRIQUE DES NATIONS DE FOOTBALL DES MOINS DE 23<\/h1>\t\t<\/div>\n\t\t\t\t<\/div>\n\t\t\t\t\t<\/div>\n\t\t<\/div>\n\t\t\t\t\t<\/div>\n\t\t<\/section>\n\t\t\t\t<section class=\"elementor-section elementor-top-section elementor-element elementor-element-f6c5c88 elementor-section-boxed elementor-section-height-default elementor-section-height-default\" data-id=\"f6c5c88\" data-element_type=\"section\" data-settings=\"{&quot;background_background&quot;:&quot;classic&quot;}\">\n\t\t\t\t\t\t<div class=\"elementor-container elementor-column-gap-default\">\n\t\t\t\t\t<div class=\"elementor-column elementor-col-100 elementor-top-column elementor-element elementor-element-3112a20\" data-id=\"3112a20\" data-element_type=\"column\">\n\t\t\t<div class=\"elementor-widget-wrap elementor-element-populated\">\n\t\t\t\t\t\t<div class=\"elementor-element elementor-element-3ee421f elementor-widget elementor-widget-heading\" data-id=\"3ee421f\" data-element_type=\"widget\" data-widget_type=\"heading.default\">\n\t\t\t\t<div class=\"elementor-widget-container\">\n\t\t\t<h2 class=\"elementor-heading-title elementor-size-default\">OUPE D\u2019AFRIQUE DES NATIONS DE FOOTBALL DES MOINS DE 23<\/h2>\t\t<\/div>\n\t\t\t\t<\/div>\n\t\t\t\t<div class=\"elementor-element elementor-element-b69ae77 elementor-widget elementor-widget-image\" data-id=\"b69ae77\" data-element_type=\"widget\" data-widget_type=\"image.default\">\n\t\t\t\t<div class=\"elementor-widget-container\">\n\t\t\t\t\t\t\t\t\t\t\t\t\t<img fetchpriority=\"high\" decoding=\"async\" width=\"476\" height=\"481\" src=\"https:\/\/jeremiendoumbe.clients-demo-website.com\/wp-content\/uploads\/2024\/10\/32231.jpg\" class=\"attachment-full size-full wp-image-1925\" alt=\"32231\" srcset=\"https:\/\/jeremiendoumbe.clients-demo-website.com\/wp-content\/uploads\/2024\/10\/32231.jpg 476w, https:\/\/jeremiendoumbe.clients-demo-website.com\/wp-content\/uploads\/2024\/10\/32231-297x300.jpg 297w\" sizes=\"(max-width: 476px) 100vw, 476px\" \/>\t\t\t\t\t\t\t\t\t\t\t\t\t<\/div>\n\t\t\t\t<\/div>\n\t\t\t\t<section class=\"elementor-section elementor-inner-section elementor-element elementor-element-0e9fb10 elementor-section-boxed elementor-section-height-default elementor-section-height-default\" data-id=\"0e9fb10\" data-element_type=\"section\" data-settings=\"{&quot;background_background&quot;:&quot;classic&quot;}\">\n\t\t\t\t\t\t<div class=\"elementor-container elementor-column-gap-default\">\n\t\t\t\t\t<div class=\"elementor-column elementor-col-100 elementor-inner-column elementor-element elementor-element-c602a11\" data-id=\"c602a11\" data-element_type=\"column\">\n\t\t\t<div class=\"elementor-widget-wrap elementor-element-populated\">\n\t\t\t\t\t\t<div class=\"elementor-element elementor-element-5b5fa47 elementor-widget elementor-widget-text-editor\" data-id=\"5b5fa47\" data-element_type=\"widget\" data-widget_type=\"text-editor.default\">\n\t\t\t\t<div class=\"elementor-widget-container\">\n\t\t\t\t\t\t\t<p><strong>Anciennement appel\u00e9e\u00a0\u00ab\u00a0championnat d\u2019Afrique des nations\u00a0\u00bb jusquen1015, la coupe d\u2019afrique des nations U23 est une comp\u00e9tition organis\u00e9e tous les quatre ans avec pour but les qualifications pour les jeux olympiques. En effet les finalistes de la comp\u00e9tition et le 3<sup>e<\/sup> sont directement qualifi\u00e9s pour les jeux olympiques, tandis que le 4<sup>e<\/sup> est appel\u00e9 \u00e0 discuter un barrage contre le 4<sup>e<\/sup> de la zone Asie.Le Maroc est tenant du titre de cette cat\u00e9gorie suite \u00e0 sa victoire lors de la derni\u00e8re \u00e9dition face \u00e0 l\u2019Egypte.<\/strong><\/p>\t\t\t\t\t\t<\/div>\n\t\t\t\t<\/div>\n\t\t\t\t\t<\/div>\n\t\t<\/div>\n\t\t\t\t\t<\/div>\n\t\t<\/section>\n\t\t\t\t\t<\/div>\n\t\t<\/div>\n\t\t\t\t\t<\/div>\n\t\t<\/section>\n\t\t\t\t<\/div>\n\t\t","protected":false},"excerpt":{"rendered":"<p>Home OUPE D\u2019AFRIQUE DES NATIONS DE FOOTBALL DES MOINS DE 23 OUPE D\u2019AFRIQUE DES NATIONS DE FOOTBALL DES MOINS DE 23 Anciennement appel\u00e9e\u00a0\u00ab\u00a0championnat d\u2019Afrique des nations\u00a0\u00bb jusquen1015, la coupe d\u2019afrique des nations U23 est une comp\u00e9tition organis\u00e9e tous les quatre ans avec pour but les qualifications pour les jeux olympiques. En effet les finalistes de [&hellip;]<\/p>\n","protected":false},"author":1,"featured_media":0,"parent":0,"menu_order":0,"comment_status":"closed","ping_status":"closed","template":"","meta":{"footnotes":""},"class_list":["post-1917","page","type-page","status-publish","hentry"],"_links":{"self":[{"href":"https:\/\/jeremiendoumbe.clients-demo-website.com\/index.php\/wp-json\/wp\/v2\/pages\/1917","targetHints":{"allow":["GET"]}}],"collection":[{"href":"https:\/\/jeremiendoumbe.clients-demo-website.com\/index.php\/wp-json\/wp\/v2\/pages"}],"about":[{"href":"https:\/\/jeremiendoumbe.clients-demo-website.com\/index.php\/wp-json\/wp\/v2\/types\/page"}],"author":[{"embeddable":true,"href":"https:\/\/jeremiendoumbe.clients-demo-website.com\/index.php\/wp-json\/wp\/v2\/users\/1"}],"replies":[{"embeddable":true,"href":"https:\/\/jeremiendoumbe.clients-demo-website.com\/index.php\/wp-json\/wp\/v2\/comments?post=1917"}],"version-history":[{"count":17,"href":"https:\/\/jeremiendoumbe.clients-demo-website.com\/index.php\/wp-json\/wp\/v2\/pages\/1917\/revisions"}],"predecessor-version":[{"id":1941,"href":"https:\/\/jeremiendoumbe.clients-demo-website.com\/index.php\/wp-json\/wp\/v2\/pages\/1917\/revisions\/1941"}],"wp:attachment":[{"href":"https:\/\/jeremiendoumbe.clients-demo-website.com\/index.php\/wp-json\/wp\/v2\/media?parent=1917"}],"curies":[{"name":"wp","href":"https:\/\/api.w.org\/{rel}","templated":true}]}}