{"id":1891,"date":"2024-10-14T18:39:53","date_gmt":"2024-10-14T18:39:53","guid":{"rendered":"https:\/\/jeremiendoumbe.clients-demo-website.com\/?page_id=1891"},"modified":"2024-10-14T18:50:17","modified_gmt":"2024-10-14T18:50:17","slug":"coupe-dafrique-des-nations-de-football-des-moins-de-20","status":"publish","type":"page","link":"https:\/\/jeremiendoumbe.clients-demo-website.com\/index.php\/coupe-dafrique-des-nations-de-football-des-moins-de-20\/","title":{"rendered":"COUPE D\u2019AFRIQUE DES NATIONS DE FOOTBALL DES MOINS DE 20"},"content":{"rendered":"\t\t<div data-elementor-type=\"wp-page\" data-elementor-id=\"1891\" class=\"elementor elementor-1891\" data-elementor-post-type=\"page\">\n\t\t\t\t\t\t<section class=\"elementor-section elementor-top-section elementor-element elementor-element-d3ae0d5 elementor-section-boxed elementor-section-height-default elementor-section-height-default\" data-id=\"d3ae0d5\" data-element_type=\"section\" data-settings=\"{&quot;background_background&quot;:&quot;classic&quot;}\">\n\t\t\t\t\t\t<div class=\"elementor-container elementor-column-gap-default\">\n\t\t\t\t\t<div class=\"elementor-column elementor-col-100 elementor-top-column elementor-element elementor-element-2ea71d7\" data-id=\"2ea71d7\" data-element_type=\"column\">\n\t\t\t<div class=\"elementor-widget-wrap elementor-element-populated\">\n\t\t\t\t\t\t<div class=\"elementor-element elementor-element-a31082b elementor-icon-list--layout-inline elementor-list-item-link-full_width elementor-widget elementor-widget-icon-list\" data-id=\"a31082b\" data-element_type=\"widget\" data-widget_type=\"icon-list.default\">\n\t\t\t\t<div class=\"elementor-widget-container\">\n\t\t\t\t\t<ul class=\"elementor-icon-list-items elementor-inline-items\">\n\t\t\t\t\t\t\t<li class=\"elementor-icon-list-item elementor-inline-item\">\n\t\t\t\t\t\t\t\t\t\t\t<a href=\"https:\/\/jeremiendoumbe.clients-demo-website.com\">\n\n\t\t\t\t\t\t\t\t\t\t\t<span class=\"elementor-icon-list-text\">Home<\/span>\n\t\t\t\t\t\t\t\t\t\t\t<\/a>\n\t\t\t\t\t\t\t\t\t<\/li>\n\t\t\t\t\t\t\t\t<li class=\"elementor-icon-list-item elementor-inline-item\">\n\t\t\t\t\t\t\t\t\t\t\t<a href=\"https:\/\/jeremiendoumbe.clients-demo-website.com\/index.php\/coupe-dafrique-des-nations-masculin\/\">\n\n\t\t\t\t\t\t\t\t\t\t\t\t<span class=\"elementor-icon-list-icon\">\n\t\t\t\t\t\t\t<svg aria-hidden=\"true\" class=\"e-font-icon-svg e-fas-chevron-right\" viewBox=\"0 0 320 512\" xmlns=\"http:\/\/www.w3.org\/2000\/svg\"><path d=\"M285.476 272.971L91.132 467.314c-9.373 9.373-24.569 9.373-33.941 0l-22.667-22.667c-9.357-9.357-9.375-24.522-.04-33.901L188.505 256 34.484 101.255c-9.335-9.379-9.317-24.544.04-33.901l22.667-22.667c9.373-9.373 24.569-9.373 33.941 0L285.475 239.03c9.373 9.372 9.373 24.568.001 33.941z\"><\/path><\/svg>\t\t\t\t\t\t<\/span>\n\t\t\t\t\t\t\t\t\t\t<span class=\"elementor-icon-list-text\"> \tCOUPE D\u2019AFRIQUE DES NATIONS DE FOOTBALL DES MOINS DE 20<\/span>\n\t\t\t\t\t\t\t\t\t\t\t<\/a>\n\t\t\t\t\t\t\t\t\t<\/li>\n\t\t\t\t\t\t<\/ul>\n\t\t\t\t<\/div>\n\t\t\t\t<\/div>\n\t\t\t\t<div class=\"elementor-element elementor-element-efd79ac elementor-widget elementor-widget-heading\" data-id=\"efd79ac\" data-element_type=\"widget\" data-widget_type=\"heading.default\">\n\t\t\t\t<div class=\"elementor-widget-container\">\n\t\t\t<h1 class=\"elementor-heading-title elementor-size-default\"> \tCOUPE D\u2019AFRIQUE DES NATIONS DE FOOTBALL DES MOINS DE 20<\/h1>\t\t<\/div>\n\t\t\t\t<\/div>\n\t\t\t\t\t<\/div>\n\t\t<\/div>\n\t\t\t\t\t<\/div>\n\t\t<\/section>\n\t\t\t\t<section class=\"elementor-section elementor-top-section elementor-element elementor-element-6d54f8f elementor-section-boxed elementor-section-height-default elementor-section-height-default\" data-id=\"6d54f8f\" data-element_type=\"section\" data-settings=\"{&quot;background_background&quot;:&quot;classic&quot;}\">\n\t\t\t\t\t\t<div class=\"elementor-container elementor-column-gap-default\">\n\t\t\t\t\t<div class=\"elementor-column elementor-col-100 elementor-top-column elementor-element elementor-element-e6c8fed\" data-id=\"e6c8fed\" data-element_type=\"column\">\n\t\t\t<div class=\"elementor-widget-wrap elementor-element-populated\">\n\t\t\t\t\t\t<div class=\"elementor-element elementor-element-ca85b68 elementor-widget elementor-widget-heading\" data-id=\"ca85b68\" data-element_type=\"widget\" data-widget_type=\"heading.default\">\n\t\t\t\t<div class=\"elementor-widget-container\">\n\t\t\t<h2 class=\"elementor-heading-title elementor-size-default\"> \tCOUPE D\u2019AFRIQUE DES NATIONS DE FOOTBALL DES MOINS DE 20<\/h2>\t\t<\/div>\n\t\t\t\t<\/div>\n\t\t\t\t<div class=\"elementor-element elementor-element-e66fa79 elementor-widget elementor-widget-image\" data-id=\"e66fa79\" data-element_type=\"widget\" data-widget_type=\"image.default\">\n\t\t\t\t<div class=\"elementor-widget-container\">\n\t\t\t\t\t\t\t\t\t\t\t\t\t<img fetchpriority=\"high\" decoding=\"async\" width=\"408\" height=\"392\" src=\"https:\/\/jeremiendoumbe.clients-demo-website.com\/wp-content\/uploads\/2024\/10\/2121.jpg\" class=\"attachment-full size-full wp-image-1899\" alt=\"2121\" srcset=\"https:\/\/jeremiendoumbe.clients-demo-website.com\/wp-content\/uploads\/2024\/10\/2121.jpg 408w, https:\/\/jeremiendoumbe.clients-demo-website.com\/wp-content\/uploads\/2024\/10\/2121-300x288.jpg 300w\" sizes=\"(max-width: 408px) 100vw, 408px\" \/>\t\t\t\t\t\t\t\t\t\t\t\t\t<\/div>\n\t\t\t\t<\/div>\n\t\t\t\t<section class=\"elementor-section elementor-inner-section elementor-element elementor-element-e1bae99 elementor-section-boxed elementor-section-height-default elementor-section-height-default\" data-id=\"e1bae99\" data-element_type=\"section\" data-settings=\"{&quot;background_background&quot;:&quot;classic&quot;}\">\n\t\t\t\t\t\t<div class=\"elementor-container elementor-column-gap-default\">\n\t\t\t\t\t<div class=\"elementor-column elementor-col-100 elementor-inner-column elementor-element elementor-element-7f86b0f\" data-id=\"7f86b0f\" data-element_type=\"column\">\n\t\t\t<div class=\"elementor-widget-wrap elementor-element-populated\">\n\t\t\t\t\t\t<div class=\"elementor-element elementor-element-2f35c96 elementor-widget elementor-widget-text-editor\" data-id=\"2f35c96\" data-element_type=\"widget\" data-widget_type=\"text-editor.default\">\n\t\t\t\t<div class=\"elementor-widget-container\">\n\t\t\t\t\t\t\t<p><strong>La Coupe d&#8217;Afrique des Nations U-20 Total (CAN U20) de football (appel\u00e9e Coupe d&#8217;Afrique des nations junior jusqu&#8217;en 2015) est une comp\u00e9tition sportive, cr\u00e9\u00e9e en 1979, qui oppose les meilleures s\u00e9lections nationales juniors d&#8217;Afrique (-20 ans). Elle est organis\u00e9e par la CAF tous les deux ans. Le pays organisateur est qualifi\u00e9 d&#8217;office pour la phase finale. Les finales jusqu&#8217;en 1989 se disputaient par match aller-retour (chez chaque finaliste), avant qu&#8217;une phase finale organis\u00e9e par un pays h\u00f4te soit mise en place en 1991<\/strong>. En 2020 la Caf d\u00e9cide que les phases de qualification \u00e9liminatoires se joueront par zones r\u00e9gionales. Jusqu\u2019\u00e0 la \u00e9tait effectu\u00e9 des matchs aller-retour sur trois tours dans un tirage au sort.<\/p><p>La prochaine \u00e9dition de la coupe d\u2019Afrique des Nations aura lieu du 19 F\u00e9vrier au 11 Mars 2025.Pour y participer, les \u00e9liminatoires sont organis\u00e9es par sous region \u00e0 l\u2019issue desquelles 12 \u00e9quipes seront qualifi\u00e9es pour la phase finale soit 2 par sous region.<\/p><p>A ce jour nous pouvons d\u2019ores et d\u00e9j\u00e0 noter les qualifications de la RD Congo et Congo Brazzaville a l\u2019issue du tournoi unifac, du S\u00e9n\u00e9gal et de la Sierra Leone \u00e0 l\u2019issue du tournoi UFOA A.<\/p>\t\t\t\t\t\t<\/div>\n\t\t\t\t<\/div>\n\t\t\t\t\t<\/div>\n\t\t<\/div>\n\t\t\t\t\t<\/div>\n\t\t<\/section>\n\t\t\t\t\t<\/div>\n\t\t<\/div>\n\t\t\t\t\t<\/div>\n\t\t<\/section>\n\t\t\t\t<\/div>\n\t\t","protected":false},"excerpt":{"rendered":"<p>Home COUPE D\u2019AFRIQUE DES NATIONS DE FOOTBALL DES MOINS DE 20 COUPE D\u2019AFRIQUE DES NATIONS DE FOOTBALL DES MOINS DE 20 COUPE D\u2019AFRIQUE DES NATIONS DE FOOTBALL DES MOINS DE 20 La Coupe d&#8217;Afrique des Nations U-20 Total (CAN U20) de football (appel\u00e9e Coupe d&#8217;Afrique des nations junior jusqu&#8217;en 2015) est une comp\u00e9tition sportive, cr\u00e9\u00e9e [&hellip;]<\/p>\n","protected":false},"author":1,"featured_media":0,"parent":0,"menu_order":0,"comment_status":"closed","ping_status":"closed","template":"","meta":{"footnotes":""},"class_list":["post-1891","page","type-page","status-publish","hentry"],"_links":{"self":[{"href":"https:\/\/jeremiendoumbe.clients-demo-website.com\/index.php\/wp-json\/wp\/v2\/pages\/1891","targetHints":{"allow":["GET"]}}],"collection":[{"href":"https:\/\/jeremiendoumbe.clients-demo-website.com\/index.php\/wp-json\/wp\/v2\/pages"}],"about":[{"href":"https:\/\/jeremiendoumbe.clients-demo-website.com\/index.php\/wp-json\/wp\/v2\/types\/page"}],"author":[{"embeddable":true,"href":"https:\/\/jeremiendoumbe.clients-demo-website.com\/index.php\/wp-json\/wp\/v2\/users\/1"}],"replies":[{"embeddable":true,"href":"https:\/\/jeremiendoumbe.clients-demo-website.com\/index.php\/wp-json\/wp\/v2\/comments?post=1891"}],"version-history":[{"count":13,"href":"https:\/\/jeremiendoumbe.clients-demo-website.com\/index.php\/wp-json\/wp\/v2\/pages\/1891\/revisions"}],"predecessor-version":[{"id":1911,"href":"https:\/\/jeremiendoumbe.clients-demo-website.com\/index.php\/wp-json\/wp\/v2\/pages\/1891\/revisions\/1911"}],"wp:attachment":[{"href":"https:\/\/jeremiendoumbe.clients-demo-website.com\/index.php\/wp-json\/wp\/v2\/media?parent=1891"}],"curies":[{"name":"wp","href":"https:\/\/api.w.org\/{rel}","templated":true}]}}